{"id":97,"date":"2020-11-08T16:10:46","date_gmt":"2020-11-08T16:10:46","guid":{"rendered":"http:\/\/www.kanal6tv.com\/?page_id=97"},"modified":"2025-10-20T07:15:53","modified_gmt":"2025-10-20T07:15:53","slug":"canli-yayin","status":"publish","type":"page","link":"https:\/\/www.kanal6tv.com\/?page_id=97","title":{"rendered":"Channel 6 TV CANLI YAYIN"},"content":{"rendered":"\n<p class=\"has-text-align-center has-small-font-size\"><\/p>\n\n\n\n<div class=\"wp-block-group\"><div class=\"wp-block-group__inner-container is-layout-constrained wp-block-group-is-layout-constrained\">\n<div class=\"wp-block-columns is-layout-flex wp-container-core-columns-is-layout-28f84493 wp-block-columns-is-layout-flex\">\n<div class=\"wp-block-column is-layout-flow wp-block-column-is-layout-flow\" style=\"flex-basis:100%\">\n<script src=\"\/\/play4.player.im\/player\/play.php?uid=67&#038;sid=74\"><\/script>\n<\/div>\n<\/div>\n<\/div><\/div>\n\n\n\n<p>TELEFONUNUZDAN TELEV\u0130ZYON YAYINIMIZI DAHA KEY\u0130FL\u0130 \u0130ZLEMEK \u0130\u00c7\u0130N TELEFON EKRANINIZI L\u00dcTFEN YATAY DURUMA GET\u0130R\u0130N\u0130Z&#8230;<\/p>\n\n\n\n<p><\/p>\n\n\n\n<p><\/p>\n\n\n\n<p><\/p>\n\n\n\n<p><\/p>\n\n\n\n<p><\/p>\n\n\n\n<p><\/p>\n\n\n\n<p><\/p>\n","protected":false},"excerpt":{"rendered":"<p>TELEFONUNUZDAN TELEV\u0130ZYON YAYINIMIZI DAHA KEY\u0130FL\u0130 \u0130ZLEMEK \u0130\u00c7\u0130N TELEFON EKRANINIZI L\u00dcTFEN YATAY DURUMA GET\u0130R\u0130N\u0130Z&#8230;<\/p>\n","protected":false},"author":1,"featured_media":0,"parent":0,"menu_order":0,"comment_status":"closed","ping_status":"closed","template":"","meta":{"footnotes":""},"class_list":["post-97","page","type-page","status-publish","hentry"],"_links":{"self":[{"href":"https:\/\/www.kanal6tv.com\/index.php?rest_route=\/wp\/v2\/pages\/97","targetHints":{"allow":["GET"]}}],"collection":[{"href":"https:\/\/www.kanal6tv.com\/index.php?rest_route=\/wp\/v2\/pages"}],"about":[{"href":"https:\/\/www.kanal6tv.com\/index.php?rest_route=\/wp\/v2\/types\/page"}],"author":[{"embeddable":true,"href":"https:\/\/www.kanal6tv.com\/index.php?rest_route=\/wp\/v2\/users\/1"}],"replies":[{"embeddable":true,"href":"https:\/\/www.kanal6tv.com\/index.php?rest_route=%2Fwp%2Fv2%2Fcomments&post=97"}],"version-history":[{"count":291,"href":"https:\/\/www.kanal6tv.com\/index.php?rest_route=\/wp\/v2\/pages\/97\/revisions"}],"predecessor-version":[{"id":1723,"href":"https:\/\/www.kanal6tv.com\/index.php?rest_route=\/wp\/v2\/pages\/97\/revisions\/1723"}],"wp:attachment":[{"href":"https:\/\/www.kanal6tv.com\/index.php?rest_route=%2Fwp%2Fv2%2Fmedia&parent=97"}],"curies":[{"name":"wp","href":"https:\/\/api.w.org\/{rel}","templated":true}]}}