{"id":517,"date":"2022-05-20T08:30:55","date_gmt":"2022-05-20T08:30:55","guid":{"rendered":"http:\/\/www.kanal6tv.com\/?page_id=517"},"modified":"2023-10-15T19:21:58","modified_gmt":"2023-10-15T19:21:58","slug":"kunye","status":"publish","type":"page","link":"https:\/\/www.kanal6tv.com\/?page_id=517","title":{"rendered":"K\u00fcnye"},"content":{"rendered":"\n<h2 class=\"wp-block-heading\"><strong>Medya Hizmet Sa\u011flay\u0131c\u0131 Kurulu\u015f Kimlik Bilgisi<\/strong><\/h2>\n\n\n\n<p><strong>Kurucu Ba\u015fkan <\/strong>      : \u00d6zcan UZUN<\/p>\n\n\n\n<p><strong>\u015eirket Unvan\u0131       <\/strong>  : O.P.S  Televizyon Yay\u0131nc\u0131l\u0131k ve Prod\u00fcksiyon A.\u015e.<br><br><strong>Logo\/\u00c7a\u011fr\u0131 \u0130\u015fareti :<\/strong>\u00a0Televizyon (Channel TV)<br><br><strong>Yay\u0131n T\u00fcr\u00fc<\/strong>              : Engelli  Dostlar\u0131m\u0131za Tematik Yay\u0131n<br><br><strong>Yaz\u0131\u015fma Adresi       :<\/strong><br><br><strong>Telefon ve Faks       :<\/strong>\u00a0+90 (850) 473 0 363 \/ +90 (850) 473 0 363<\/p>\n\n\n\n<p><strong>\u015eirket Gsm Tel<\/strong>         : +90 (542) 541 4208<\/p>\n\n\n\n<p><strong>WhatsApp <\/strong>              : +90 (542) 541 4208<br><br><strong>\u0130nternet Adresi       :<\/strong>&nbsp;www.kanal6tv.com<\/p>\n\n\n\n<p><strong>Yay\u0131n Adresi           :<\/strong>&nbsp; www.kanal6tv.com<br><br><strong>Kep Adresi              :<\/strong>&nbsp;<\/p>\n\n\n\n<p><strong>Genel Yay\u0131n Y\u00f6netmeni<\/strong>:<br><br><strong>Sorumlu M\u00fcd\u00fcr      :<\/strong><br><br><strong>E-posta adresi        :<\/strong>&nbsp; destek@kanal6tv.com<br><br><strong>\u0130zleyici Temsilcisi    :<\/strong><br><br><strong>E-posta adresi        :<\/strong><br><br><strong>Reklam Pazarlama  :<\/strong>  destek@kanal6tv.com<br><\/p>\n","protected":false},"excerpt":{"rendered":"<p>Medya Hizmet Sa\u011flay\u0131c\u0131 Kurulu\u015f Kimlik Bilgisi Kurucu Ba\u015fkan : \u00d6zcan UZUN \u015eirket Unvan\u0131 : O.P.S Televizyon Yay\u0131nc\u0131l\u0131k ve Prod\u00fcksiyon A.\u015e. Logo\/\u00c7a\u011fr\u0131 \u0130\u015fareti :\u00a0Televizyon (Channel TV) Yay\u0131n T\u00fcr\u00fc : Engelli Dostlar\u0131m\u0131za Tematik Yay\u0131n Yaz\u0131\u015fma Adresi : Telefon ve Faks :\u00a0+90 (850) 473 0 363 \/ +90 (850) 473 0 363 \u015eirket Gsm Tel : +90 (542) 541 4208 WhatsApp : +90 (542) 541 4208 \u0130nternet Adresi :&nbsp;www.kanal6tv.com Yay\u0131n Adresi :&nbsp; www.kanal6tv.com Kep Adresi :&nbsp; Genel Yay\u0131n Y\u00f6netmeni: Sorumlu M\u00fcd\u00fcr : E-posta adresi :&nbsp; destek@kanal6tv.com \u0130zleyici Temsilcisi : E-posta adresi : Reklam Pazarlama : destek@kanal6tv.com<\/p>\n","protected":false},"author":1,"featured_media":0,"parent":0,"menu_order":0,"comment_status":"closed","ping_status":"closed","template":"","meta":{"footnotes":""},"class_list":["post-517","page","type-page","status-publish","hentry"],"_links":{"self":[{"href":"https:\/\/www.kanal6tv.com\/index.php?rest_route=\/wp\/v2\/pages\/517","targetHints":{"allow":["GET"]}}],"collection":[{"href":"https:\/\/www.kanal6tv.com\/index.php?rest_route=\/wp\/v2\/pages"}],"about":[{"href":"https:\/\/www.kanal6tv.com\/index.php?rest_route=\/wp\/v2\/types\/page"}],"author":[{"embeddable":true,"href":"https:\/\/www.kanal6tv.com\/index.php?rest_route=\/wp\/v2\/users\/1"}],"replies":[{"embeddable":true,"href":"https:\/\/www.kanal6tv.com\/index.php?rest_route=%2Fwp%2Fv2%2Fcomments&post=517"}],"version-history":[{"count":11,"href":"https:\/\/www.kanal6tv.com\/index.php?rest_route=\/wp\/v2\/pages\/517\/revisions"}],"predecessor-version":[{"id":1263,"href":"https:\/\/www.kanal6tv.com\/index.php?rest_route=\/wp\/v2\/pages\/517\/revisions\/1263"}],"wp:attachment":[{"href":"https:\/\/www.kanal6tv.com\/index.php?rest_route=%2Fwp%2Fv2%2Fmedia&parent=517"}],"curies":[{"name":"wp","href":"https:\/\/api.w.org\/{rel}","templated":true}]}}