{"id":27,"date":"2020-11-08T13:04:09","date_gmt":"2020-11-08T13:04:09","guid":{"rendered":"http:\/\/www.kanal6tv.com\/?page_id=27"},"modified":"2025-09-09T11:06:59","modified_gmt":"2025-09-09T11:06:59","slug":"iletisim","status":"publish","type":"page","link":"https:\/\/www.kanal6tv.com\/?page_id=27","title":{"rendered":"\u0130leti\u015fim"},"content":{"rendered":"\n<p class=\"has-large-font-size\">\u0130leti\u015fim Bilgileri<\/p>\n\n\n<div class=\"wp-block-image\">\n<figure class=\"aligncenter size-large is-resized\"><img loading=\"lazy\" decoding=\"async\" width=\"1024\" height=\"1013\" src=\"http:\/\/www.kanal6tv.com\/wp-content\/uploads\/2020\/11\/tv-6-animasyon-logo-1024x1013.png\" alt=\"\" class=\"wp-image-6\" style=\"width:327px;height:323px\" srcset=\"https:\/\/www.kanal6tv.com\/wp-content\/uploads\/2020\/11\/tv-6-animasyon-logo-1024x1013.png 1024w, https:\/\/www.kanal6tv.com\/wp-content\/uploads\/2020\/11\/tv-6-animasyon-logo-300x297.png 300w, https:\/\/www.kanal6tv.com\/wp-content\/uploads\/2020\/11\/tv-6-animasyon-logo-768x760.png 768w, https:\/\/www.kanal6tv.com\/wp-content\/uploads\/2020\/11\/tv-6-animasyon-logo-1536x1519.png 1536w, https:\/\/www.kanal6tv.com\/wp-content\/uploads\/2020\/11\/tv-6-animasyon-logo-83x83.png 83w, https:\/\/www.kanal6tv.com\/wp-content\/uploads\/2020\/11\/tv-6-animasyon-logo.png 1920w\" sizes=\"auto, (max-width: 1024px) 100vw, 1024px\" \/><\/figure><\/div>\n\n\n<h2 class=\"wp-block-heading has-text-align-center has-white-color has-vivid-red-background-color has-text-color has-background has-link-color wp-elements-a28f2952c6495ac008501ad40bc51915\">Kurucu Ba\u015fkan: \u00d6zcan UZUN<\/h2>\n\n\n\n<h3 class=\"wp-block-heading has-text-align-center has-white-color has-vivid-red-background-color has-text-color has-background has-link-color wp-elements-6d3086db3f69fa01ca5a67e5ec51a5c2\">Gsm &amp; Whatsapp: 0542 541 4208<\/h3>\n\n\n\n<p class=\"has-text-align-center has-white-color has-vivid-red-background-color has-text-color has-background has-link-color wp-elements-a385ee8e675fc8727193d0cf0907821a\"><strong>destek@kanal6tv.com \/\/ o.uzun@kanal6tv.com<\/strong><\/p>\n\n\n\n<p><\/p>\n\n\n<div class=\"wp-block-image\">\n<figure class=\"aligncenter size-large\"><a href=\"https:\/\/sehirharitasi.ibb.gov.tr\/\"><img loading=\"lazy\" decoding=\"async\" width=\"300\" height=\"300\" src=\"http:\/\/www.kanal6tv.com\/wp-content\/uploads\/2020\/11\/unnamed-1-300x300-1-1.png\" alt=\"\" class=\"wp-image-55\" srcset=\"https:\/\/www.kanal6tv.com\/wp-content\/uploads\/2020\/11\/unnamed-1-300x300-1-1.png 300w, https:\/\/www.kanal6tv.com\/wp-content\/uploads\/2020\/11\/unnamed-1-300x300-1-1-150x150.png 150w, https:\/\/www.kanal6tv.com\/wp-content\/uploads\/2020\/11\/unnamed-1-300x300-1-1-83x83.png 83w\" sizes=\"auto, (max-width: 300px) 100vw, 300px\" \/><\/a><figcaption class=\"wp-element-caption\"><strong><span class=\"has-inline-color has-vivid-red-color\">KOLAY ULA\u015eIM \u0130\u00c7\u0130N TIKLAYIN ADRES\u0130 YAZIN<\/span><\/strong><\/figcaption><\/figure><\/div>\n\n\n<p><\/p>\n","protected":false},"excerpt":{"rendered":"<p>\u0130leti\u015fim Bilgileri Kurucu Ba\u015fkan: \u00d6zcan UZUN Gsm &amp; Whatsapp: 0542 541 4208 destek@kanal6tv.com \/\/ o.uzun@kanal6tv.com<\/p>\n","protected":false},"author":1,"featured_media":0,"parent":0,"menu_order":0,"comment_status":"open","ping_status":"closed","template":"","meta":{"footnotes":""},"class_list":["post-27","page","type-page","status-publish","hentry"],"_links":{"self":[{"href":"https:\/\/www.kanal6tv.com\/index.php?rest_route=\/wp\/v2\/pages\/27","targetHints":{"allow":["GET"]}}],"collection":[{"href":"https:\/\/www.kanal6tv.com\/index.php?rest_route=\/wp\/v2\/pages"}],"about":[{"href":"https:\/\/www.kanal6tv.com\/index.php?rest_route=\/wp\/v2\/types\/page"}],"author":[{"embeddable":true,"href":"https:\/\/www.kanal6tv.com\/index.php?rest_route=\/wp\/v2\/users\/1"}],"replies":[{"embeddable":true,"href":"https:\/\/www.kanal6tv.com\/index.php?rest_route=%2Fwp%2Fv2%2Fcomments&post=27"}],"version-history":[{"count":12,"href":"https:\/\/www.kanal6tv.com\/index.php?rest_route=\/wp\/v2\/pages\/27\/revisions"}],"predecessor-version":[{"id":1615,"href":"https:\/\/www.kanal6tv.com\/index.php?rest_route=\/wp\/v2\/pages\/27\/revisions\/1615"}],"wp:attachment":[{"href":"https:\/\/www.kanal6tv.com\/index.php?rest_route=%2Fwp%2Fv2%2Fmedia&parent=27"}],"curies":[{"name":"wp","href":"https:\/\/api.w.org\/{rel}","templated":true}]}}