{"id":1096,"date":"2023-01-09T13:31:52","date_gmt":"2023-01-09T13:31:52","guid":{"rendered":"http:\/\/www.kanal6tv.com\/?page_id=1096"},"modified":"2023-01-09T14:30:40","modified_gmt":"2023-01-09T14:30:40","slug":"neden-channel6-tv","status":"publish","type":"page","link":"https:\/\/www.kanal6tv.com\/?page_id=1096","title":{"rendered":"Neden? Channel6 TV"},"content":{"rendered":"\n<p>Merhaba,<br>Kendi alan\u0131nda d\u00fcnyada bir ilki ger\u00e7ekle\u015ftirerek ba\u015flatt\u0131\u011f\u0131; engelli d\u00fcnyas\u0131n\u0131n nabz\u0131n\u0131 tutan yay\u0131n anlay\u0131\u015f\u0131, hassas yakla\u015f\u0131mlar\u0131 ve destekleri ile bir\u00e7ok ba\u015far\u0131lara imza atanlar, Televizyon sekt\u00f6r\u00fcnde de \u00f6nemli ad\u0131mlar atmaya talip oldular.<\/p>\n\n\n\n<p>D\u00fcnyada ve T\u00fcrkiye\u2019de bir ilke ev sahipli\u011fi yaparak, Channel 6 TV Logosuyla, \u201cEngel Olma\u2026 \u00d6nce \u0130leti\u015fim\u2026 Senin Televizyonun \u201d Sloganlar\u0131yla, G\u00f6k Grup Kurumsal Hiz. Ltd. \u015eti &#8216;nin katk\u0131lar\u0131yla, Yay\u0131n hayat\u0131na yenilenen y\u00fcz\u00fcyle Test yay\u0131n\u0131na ba\u015flad\u0131\u2026<\/p>\n\n\n\n<p>\u00dclke n\u00fcfusunun yakla\u015f\u0131k % 13\u2019\u00fcn\u00fc olu\u015fturan engelli vatanda\u015flar\u0131m\u0131z\u0131n ihtiya\u00e7 ve beklentilerine cevap vermeyi hedefleyerek;<\/p>\n\n\n\n<p>Akademisyenler ve profesyonel ekibimizin dikkatli ve titiz \u00e7al\u0131\u015fmalar\u0131n\u0131n sonucunda olu\u015fturulan Sosyal Sorumluluk projemizle; engelliler, engelli yak\u0131nlar\u0131 ve engelli aday\u0131 olan hepimiz i\u00e7in ortak bir dil geli\u015ftirerek \u201c\u00d6nce ileti\u015fim\u201d diyoruz.<\/p>\n\n\n\n<p>Var olan ve \u00f6ng\u00f6rd\u00fc\u011f\u00fcm\u00fcz t\u00fcm sorunlara \u00e7\u00f6z\u00fcm \u00fcretip, engellilerin sosyal ileti\u015fim becerilerini artt\u0131rarak, toplumun bu alanda fark\u0131ndal\u0131k d\u00fczeyine y\u00f6nelik geli\u015ftirici programlar\u0131m\u0131zla yay\u0131n hayat\u0131m\u0131za;<br>\u015eimdilik \u0130nternet \u00fczerinden IP TV olarak ba\u015flarken, Kablolu TV, Tivibu, D\u0131g\u0131T\u00fcrk, D Smart ve benzeri t\u00fcm dijital platformlarda yer alarak devam edece\u011fiz\u2026<\/p>\n\n\n\n<p>Spordan sanata, m\u00fczikten e\u011flenceye, magazinden yar\u0131\u015fmalara, haberden a\u00e7\u0131k oturum programlar\u0131na kadar engelsiz bir yay\u0131n i\u00e7in; Bireysel hak ve \u00f6zg\u00fcrl\u00fcklere sayg\u0131l\u0131, toplumsal geli\u015fimi destekleyen, g\u00fcvenilir, yenilik\u00e7i, tarafs\u0131z, dinamik bir yap\u0131 ile tan\u0131t\u0131mlar\u0131m\u0131z\u0131 yay\u0131nlad\u0131\u011f\u0131m\u0131z programlar\u0131m\u0131zla hep birlikte olaca\u011f\u0131z\u2026<\/p>\n\n\n\n<p>&#8220;Engel Olma\u2026&#8221;<\/p>\n\n\n\n<p class=\"has-drop-cap\"><br>Sevgi ve Sayg\u0131yla\u2026<br>\u00d6zcan UZUN<br>Kurucu Ba\u015fkan<\/p>\n\n\n\n<figure class=\"wp-block-image size-full is-resized\"><img loading=\"lazy\" decoding=\"async\" src=\"http:\/\/www.kanal6tv.com\/wp-content\/uploads\/2021\/07\/cropped-CHANNEL6TV_LOGO-2-1.png\" alt=\"\" class=\"wp-image-515\" width=\"273\" height=\"268\"\/><\/figure>\n\n\n\n<p><\/p>\n","protected":false},"excerpt":{"rendered":"<p>Merhaba,Kendi alan\u0131nda d\u00fcnyada bir ilki ger\u00e7ekle\u015ftirerek ba\u015flatt\u0131\u011f\u0131; engelli d\u00fcnyas\u0131n\u0131n nabz\u0131n\u0131 tutan yay\u0131n anlay\u0131\u015f\u0131, hassas yakla\u015f\u0131mlar\u0131 ve destekleri ile bir\u00e7ok ba\u015far\u0131lara imza atanlar, Televizyon sekt\u00f6r\u00fcnde de \u00f6nemli ad\u0131mlar atmaya talip oldular. D\u00fcnyada ve T\u00fcrkiye\u2019de bir ilke ev sahipli\u011fi yaparak, Channel 6 TV Logosuyla, \u201cEngel Olma\u2026 \u00d6nce \u0130leti\u015fim\u2026 Senin Televizyonun \u201d Sloganlar\u0131yla, G\u00f6k Grup Kurumsal Hiz. Ltd. \u015eti &#8216;nin katk\u0131lar\u0131yla, Yay\u0131n hayat\u0131na yenilenen y\u00fcz\u00fcyle Test yay\u0131n\u0131na ba\u015flad\u0131\u2026 \u00dclke n\u00fcfusunun yakla\u015f\u0131k % 13\u2019\u00fcn\u00fc olu\u015fturan engelli vatanda\u015flar\u0131m\u0131z\u0131n ihtiya\u00e7 ve beklentilerine cevap vermeyi hedefleyerek; Akademisyenler ve profesyonel ekibimizin dikkatli ve titiz \u00e7al\u0131\u015fmalar\u0131n\u0131n sonucunda olu\u015fturulan Sosyal Sorumluluk projemizle; engelliler, engelli yak\u0131nlar\u0131 ve engelli aday\u0131 olan hepimiz i\u00e7in ortak bir dil geli\u015ftirerek \u201c\u00d6nce ileti\u015fim\u201d diyoruz. Var olan ve \u00f6ng\u00f6rd\u00fc\u011f\u00fcm\u00fcz t\u00fcm sorunlara \u00e7\u00f6z\u00fcm \u00fcretip, engellilerin sosyal ileti\u015fim becerilerini artt\u0131rarak, toplumun bu alanda fark\u0131ndal\u0131k d\u00fczeyine y\u00f6nelik geli\u015ftirici programlar\u0131m\u0131zla yay\u0131n hayat\u0131m\u0131za;\u015eimdilik \u0130nternet \u00fczerinden IP TV olarak ba\u015flarken, Kablolu TV, Tivibu, D\u0131g\u0131T\u00fcrk, D Smart ve benzeri t\u00fcm dijital platformlarda yer alarak devam edece\u011fiz\u2026 Spordan sanata, m\u00fczikten e\u011flenceye, magazinden yar\u0131\u015fmalara, haberden a\u00e7\u0131k oturum programlar\u0131na kadar engelsiz bir yay\u0131n i\u00e7in; Bireysel hak ve \u00f6zg\u00fcrl\u00fcklere sayg\u0131l\u0131, toplumsal geli\u015fimi destekleyen, g\u00fcvenilir, yenilik\u00e7i, tarafs\u0131z, dinamik bir yap\u0131 ile tan\u0131t\u0131mlar\u0131m\u0131z\u0131 yay\u0131nlad\u0131\u011f\u0131m\u0131z programlar\u0131m\u0131zla hep birlikte olaca\u011f\u0131z\u2026 &#8220;Engel Olma\u2026&#8221; Sevgi ve Sayg\u0131yla\u2026\u00d6zcan UZUNKurucu Ba\u015fkan<\/p>\n","protected":false},"author":1,"featured_media":0,"parent":0,"menu_order":0,"comment_status":"closed","ping_status":"closed","template":"","meta":{"footnotes":""},"class_list":["post-1096","page","type-page","status-publish","hentry"],"_links":{"self":[{"href":"https:\/\/www.kanal6tv.com\/index.php?rest_route=\/wp\/v2\/pages\/1096","targetHints":{"allow":["GET"]}}],"collection":[{"href":"https:\/\/www.kanal6tv.com\/index.php?rest_route=\/wp\/v2\/pages"}],"about":[{"href":"https:\/\/www.kanal6tv.com\/index.php?rest_route=\/wp\/v2\/types\/page"}],"author":[{"embeddable":true,"href":"https:\/\/www.kanal6tv.com\/index.php?rest_route=\/wp\/v2\/users\/1"}],"replies":[{"embeddable":true,"href":"https:\/\/www.kanal6tv.com\/index.php?rest_route=%2Fwp%2Fv2%2Fcomments&post=1096"}],"version-history":[{"count":7,"href":"https:\/\/www.kanal6tv.com\/index.php?rest_route=\/wp\/v2\/pages\/1096\/revisions"}],"predecessor-version":[{"id":1117,"href":"https:\/\/www.kanal6tv.com\/index.php?rest_route=\/wp\/v2\/pages\/1096\/revisions\/1117"}],"wp:attachment":[{"href":"https:\/\/www.kanal6tv.com\/index.php?rest_route=%2Fwp%2Fv2%2Fmedia&parent=1096"}],"curies":[{"name":"wp","href":"https:\/\/api.w.org\/{rel}","templated":true}]}}